{"id":320,"date":"2015-12-13T23:04:10","date_gmt":"2015-12-13T23:04:10","guid":{"rendered":"https:\/\/an-design.ca\/fr\/?page_id=320"},"modified":"2015-12-21T01:02:29","modified_gmt":"2015-12-21T01:02:29","slug":"a-propos-de-nous","status":"publish","type":"page","link":"https:\/\/an-design.ca\/fr\/a-propos-de-nous\/","title":{"rendered":"\u00c0 propos de nous"},"content":{"rendered":"<p>AN Design est un studio d\u2019Ottawa qui cherche \u00e0 rendre accessible la conception graphique soign\u00e9e. Nos services sont offerts autant en fran\u00e7ais qu\u2019en anglais et notre service de contr\u00f4le de la qualit\u00e9 veille \u00e0 la perfection du moindre produit qui sort de notre atelier de cr\u00e9ation.<\/p>\n<p>Voici un survol des sp\u00e9cialit\u00e9s de notre studio :<\/p>\n<ul>\n<li>Conception de sites Web pointus et conviviaux<\/li>\n<li>Conception de marques et de logos<\/li>\n<li>Imprim\u00e9s \u00e0 gros tirage : rapports annuels, plans d\u2019entreprise<\/li>\n<li>Mat\u00e9riel et documentation de conf\u00e9rences<\/li>\n<li>Conception d\u2019\u00e9tiquettes et d\u2019emballages<\/li>\n<li>Travail avec les associations et les petites et moyennes entreprises<\/li>\n<\/ul>\n","protected":false},"excerpt":{"rendered":"<p>AN Design est un studio d\u2019Ottawa qui cherche \u00e0 rendre accessible la conception graphique soign\u00e9e. Nos services sont offerts autant en fran\u00e7ais qu\u2019en anglais et notre service de contr\u00f4le de la qualit\u00e9 veille \u00e0 la perfection du moindre produit qui sort de notre atelier de cr\u00e9ation.<\/p>\n<p>Voici un survol des sp\u00e9cialit\u00e9s de notre studio :<\/p>\n","protected":false},"author":1,"featured_media":0,"parent":0,"menu_order":200,"comment_status":"closed","ping_status":"closed","template":"","meta":{"_acf_changed":false,"footnotes":""},"class_list":["post-320","page","type-page","status-publish","hentry"],"acf":[],"yoast_head":"<!-- This site is optimized with the Yoast SEO plugin v27.5 - https:\/\/yoast.com\/product\/yoast-seo-wordpress\/ -->\n<title>\u00c0 propos de nous - AN Design Communications<\/title>\n<meta name=\"robots\" content=\"index, follow, max-snippet:-1, max-image-preview:large, max-video-preview:-1\" \/>\n<link rel=\"canonical\" href=\"https:\/\/an-design.ca\/fr\/a-propos-de-nous\/\" \/>\n<meta property=\"og:locale\" content=\"fr_FR\" \/>\n<meta property=\"og:type\" content=\"article\" \/>\n<meta property=\"og:title\" content=\"\u00c0 propos de nous - AN Design Communications\" \/>\n<meta property=\"og:description\" content=\"AN Design est un studio d\u2019Ottawa qui cherche \u00e0 rendre accessible la conception graphique soign\u00e9e. Nos services sont offerts autant en fran\u00e7ais qu\u2019en anglais et notre service de contr\u00f4le de la qualit\u00e9 veille \u00e0 la perfection du moindre produit qui sort de notre atelier de cr\u00e9ation. Voici un survol des sp\u00e9cialit\u00e9s de notre studio :\" \/>\n<meta property=\"og:url\" content=\"https:\/\/an-design.ca\/fr\/a-propos-de-nous\/\" \/>\n<meta property=\"og:site_name\" content=\"AN Design Communications\" \/>\n<meta property=\"article:modified_time\" content=\"2015-12-21T01:02:29+00:00\" \/>\n<meta name=\"twitter:card\" content=\"summary_large_image\" \/>\n<meta name=\"twitter:label1\" content=\"Est. reading time\" \/>\n\t<meta name=\"twitter:data1\" content=\"1 minute\" \/>\n<script type=\"application\/ld+json\" class=\"yoast-schema-graph\">{\"@context\":\"https:\\\/\\\/schema.org\",\"@graph\":[{\"@type\":\"WebPage\",\"@id\":\"https:\\\/\\\/an-design.ca\\\/fr\\\/a-propos-de-nous\\\/\",\"url\":\"https:\\\/\\\/an-design.ca\\\/fr\\\/a-propos-de-nous\\\/\",\"name\":\"\u00c0 propos de nous - AN Design Communications\",\"isPartOf\":{\"@id\":\"https:\\\/\\\/an-design.ca\\\/#website\"},\"datePublished\":\"2015-12-13T23:04:10+00:00\",\"dateModified\":\"2015-12-21T01:02:29+00:00\",\"breadcrumb\":{\"@id\":\"https:\\\/\\\/an-design.ca\\\/fr\\\/a-propos-de-nous\\\/#breadcrumb\"},\"inLanguage\":\"fr-FR\",\"potentialAction\":[{\"@type\":\"ReadAction\",\"target\":[\"https:\\\/\\\/an-design.ca\\\/fr\\\/a-propos-de-nous\\\/\"]}]},{\"@type\":\"BreadcrumbList\",\"@id\":\"https:\\\/\\\/an-design.ca\\\/fr\\\/a-propos-de-nous\\\/#breadcrumb\",\"itemListElement\":[{\"@type\":\"ListItem\",\"position\":1,\"name\":\"Home\",\"item\":\"https:\\\/\\\/an-design.ca\\\/fr\\\/accueil\\\/\"},{\"@type\":\"ListItem\",\"position\":2,\"name\":\"\u00c0 propos de nous\"}]},{\"@type\":\"WebSite\",\"@id\":\"https:\\\/\\\/an-design.ca\\\/#website\",\"url\":\"https:\\\/\\\/an-design.ca\\\/\",\"name\":\"AN Design Communications\",\"description\":\"Une agence de cr\u00e9ation strat\u00e9gique bilingue \u00e0 service complet\",\"potentialAction\":[{\"@type\":\"SearchAction\",\"target\":{\"@type\":\"EntryPoint\",\"urlTemplate\":\"https:\\\/\\\/an-design.ca\\\/?s={search_term_string}\"},\"query-input\":{\"@type\":\"PropertyValueSpecification\",\"valueRequired\":true,\"valueName\":\"search_term_string\"}}],\"inLanguage\":\"fr-FR\"}]}<\/script>\n<!-- \/ Yoast SEO plugin. -->","yoast_head_json":{"title":"\u00c0 propos de nous - AN Design Communications","robots":{"index":"index","follow":"follow","max-snippet":"max-snippet:-1","max-image-preview":"max-image-preview:large","max-video-preview":"max-video-preview:-1"},"canonical":"https:\/\/an-design.ca\/fr\/a-propos-de-nous\/","og_locale":"fr_FR","og_type":"article","og_title":"\u00c0 propos de nous - AN Design Communications","og_description":"AN Design est un studio d\u2019Ottawa qui cherche \u00e0 rendre accessible la conception graphique soign\u00e9e. Nos services sont offerts autant en fran\u00e7ais qu\u2019en anglais et notre service de contr\u00f4le de la qualit\u00e9 veille \u00e0 la perfection du moindre produit qui sort de notre atelier de cr\u00e9ation. Voici un survol des sp\u00e9cialit\u00e9s de notre studio :","og_url":"https:\/\/an-design.ca\/fr\/a-propos-de-nous\/","og_site_name":"AN Design Communications","article_modified_time":"2015-12-21T01:02:29+00:00","twitter_card":"summary_large_image","twitter_misc":{"Est. reading time":"1 minute"},"schema":{"@context":"https:\/\/schema.org","@graph":[{"@type":"WebPage","@id":"https:\/\/an-design.ca\/fr\/a-propos-de-nous\/","url":"https:\/\/an-design.ca\/fr\/a-propos-de-nous\/","name":"\u00c0 propos de nous - AN Design Communications","isPartOf":{"@id":"https:\/\/an-design.ca\/#website"},"datePublished":"2015-12-13T23:04:10+00:00","dateModified":"2015-12-21T01:02:29+00:00","breadcrumb":{"@id":"https:\/\/an-design.ca\/fr\/a-propos-de-nous\/#breadcrumb"},"inLanguage":"fr-FR","potentialAction":[{"@type":"ReadAction","target":["https:\/\/an-design.ca\/fr\/a-propos-de-nous\/"]}]},{"@type":"BreadcrumbList","@id":"https:\/\/an-design.ca\/fr\/a-propos-de-nous\/#breadcrumb","itemListElement":[{"@type":"ListItem","position":1,"name":"Home","item":"https:\/\/an-design.ca\/fr\/accueil\/"},{"@type":"ListItem","position":2,"name":"\u00c0 propos de nous"}]},{"@type":"WebSite","@id":"https:\/\/an-design.ca\/#website","url":"https:\/\/an-design.ca\/","name":"AN Design Communications","description":"Une agence de cr\u00e9ation strat\u00e9gique bilingue \u00e0 service complet","potentialAction":[{"@type":"SearchAction","target":{"@type":"EntryPoint","urlTemplate":"https:\/\/an-design.ca\/?s={search_term_string}"},"query-input":{"@type":"PropertyValueSpecification","valueRequired":true,"valueName":"search_term_string"}}],"inLanguage":"fr-FR"}]}},"_links":{"self":[{"href":"https:\/\/an-design.ca\/fr\/wp-json\/wp\/v2\/pages\/320","targetHints":{"allow":["GET"]}}],"collection":[{"href":"https:\/\/an-design.ca\/fr\/wp-json\/wp\/v2\/pages"}],"about":[{"href":"https:\/\/an-design.ca\/fr\/wp-json\/wp\/v2\/types\/page"}],"author":[{"embeddable":true,"href":"https:\/\/an-design.ca\/fr\/wp-json\/wp\/v2\/users\/1"}],"replies":[{"embeddable":true,"href":"https:\/\/an-design.ca\/fr\/wp-json\/wp\/v2\/comments?post=320"}],"version-history":[{"count":3,"href":"https:\/\/an-design.ca\/fr\/wp-json\/wp\/v2\/pages\/320\/revisions"}],"predecessor-version":[{"id":352,"href":"https:\/\/an-design.ca\/fr\/wp-json\/wp\/v2\/pages\/320\/revisions\/352"}],"wp:attachment":[{"href":"https:\/\/an-design.ca\/fr\/wp-json\/wp\/v2\/media?parent=320"}],"curies":[{"name":"wp","href":"https:\/\/api.w.org\/{rel}","templated":true}]}}