{"id":318,"date":"2015-12-13T23:16:38","date_gmt":"2015-12-13T23:16:38","guid":{"rendered":"https:\/\/an-design.ca\/fr\/?page_id=318"},"modified":"2015-12-23T12:24:15","modified_gmt":"2015-12-23T12:24:15","slug":"accueil","status":"publish","type":"page","link":"https:\/\/an-design.ca\/fr\/","title":{"rendered":"Accueil"},"content":{"rendered":"<p>Un bon concept doit communiquer clairement une id\u00e9e. Quand tout va trop vite, confiez-nous vos id\u00e9es et nous ferons le reste.<\/p>\n<p><strong>AN Design Communications<\/strong> s\u2019emploie \u00e0 votre r\u00e9ussite. Depuis plusieurs ann\u00e9es, notre agence de cr\u00e9ation strat\u00e9gique \u00e0 service complet, qui travaille autant en anglais qu\u2019en fran\u00e7ais, excelle dans la r\u00e9union des meilleurs esprits cr\u00e9atifs et de la technologie de pointe. Aux racines de la cr\u00e9ativit\u00e9, elle fera fleurir votre entreprise.<\/p>\n<ul class=\"styled-list\">\n<li><a href=\"https:\/\/an-design.ca\/fr\/a-propos-de-nous\" class=\"reveal\">\u00c0 propos<span class=\"reveal\"> de nous<\/span><\/a><\/li>\n<li><a href=\"https:\/\/an-design.ca\/fr\/notre-equipe\" class=\"reveal\">Rencontrez<span class=\"reveal\"> notre \u00e9quipe<\/span><\/a><\/li>\n<li><a href=\"https:\/\/an-design.ca\/fr\/notre-travail\" class=\"reveal\">D\u00e9couvrez<span class=\"reveal\"> notre travail<\/span><\/a><\/li>\n<\/ul>\n","protected":false},"excerpt":{"rendered":"<p>Un bon concept doit communiquer clairement une id\u00e9e. Quand tout va trop vite, confiez-nous vos id\u00e9es et nous ferons le reste.<\/p>\n<p>AN Design Communications s\u2019emploie \u00e0 votre r\u00e9ussite. Depuis plusieurs ann\u00e9es, notre agence de cr\u00e9ation strat\u00e9gique \u00e0 service complet, qui travaille autant en anglais qu\u2019en fran\u00e7ais, excelle dans la r\u00e9union des meilleurs esprits cr\u00e9atifs et<\/p>\n","protected":false},"author":1,"featured_media":0,"parent":0,"menu_order":100,"comment_status":"open","ping_status":"open","template":"","meta":{"_acf_changed":false,"footnotes":""},"class_list":["post-318","page","type-page","status-publish","hentry"],"acf":[],"yoast_head":"<!-- This site is optimized with the Yoast SEO plugin v27.4 - https:\/\/yoast.com\/product\/yoast-seo-wordpress\/ -->\n<title>Accueil - AN Design Communications<\/title>\n<meta name=\"robots\" content=\"index, follow, max-snippet:-1, max-image-preview:large, max-video-preview:-1\" \/>\n<link rel=\"canonical\" href=\"https:\/\/an-design.ca\/fr\/accueil\/\" \/>\n<meta property=\"og:locale\" content=\"fr_FR\" \/>\n<meta property=\"og:type\" content=\"article\" \/>\n<meta property=\"og:title\" content=\"Accueil - AN Design Communications\" \/>\n<meta property=\"og:description\" content=\"Un bon concept doit communiquer clairement une id\u00e9e. Quand tout va trop vite, confiez-nous vos id\u00e9es et nous ferons le reste. AN Design Communications s\u2019emploie \u00e0 votre r\u00e9ussite. Depuis plusieurs ann\u00e9es, notre agence de cr\u00e9ation strat\u00e9gique \u00e0 service complet, qui travaille autant en anglais qu\u2019en fran\u00e7ais, excelle dans la r\u00e9union des meilleurs esprits cr\u00e9atifs et\" \/>\n<meta property=\"og:url\" content=\"https:\/\/an-design.ca\/fr\/accueil\/\" \/>\n<meta property=\"og:site_name\" content=\"AN Design Communications\" \/>\n<meta property=\"article:modified_time\" content=\"2015-12-23T12:24:15+00:00\" \/>\n<meta name=\"twitter:card\" content=\"summary_large_image\" \/>\n<script type=\"application\/ld+json\" class=\"yoast-schema-graph\">{\"@context\":\"https:\\\/\\\/schema.org\",\"@graph\":[{\"@type\":\"WebPage\",\"@id\":\"https:\\\/\\\/an-design.ca\\\/fr\\\/accueil\\\/\",\"url\":\"https:\\\/\\\/an-design.ca\\\/fr\\\/accueil\\\/\",\"name\":\"Accueil - AN Design Communications\",\"isPartOf\":{\"@id\":\"https:\\\/\\\/an-design.ca\\\/#website\"},\"datePublished\":\"2015-12-13T23:16:38+00:00\",\"dateModified\":\"2015-12-23T12:24:15+00:00\",\"breadcrumb\":{\"@id\":\"https:\\\/\\\/an-design.ca\\\/fr\\\/accueil\\\/#breadcrumb\"},\"inLanguage\":\"fr-FR\",\"potentialAction\":[{\"@type\":\"ReadAction\",\"target\":[\"https:\\\/\\\/an-design.ca\\\/fr\\\/accueil\\\/\"]}]},{\"@type\":\"BreadcrumbList\",\"@id\":\"https:\\\/\\\/an-design.ca\\\/fr\\\/accueil\\\/#breadcrumb\",\"itemListElement\":[{\"@type\":\"ListItem\",\"position\":1,\"name\":\"Home\",\"item\":\"https:\\\/\\\/an-design.ca\\\/fr\\\/accueil\\\/\"},{\"@type\":\"ListItem\",\"position\":2,\"name\":\"Accueil\"}]},{\"@type\":\"WebSite\",\"@id\":\"https:\\\/\\\/an-design.ca\\\/#website\",\"url\":\"https:\\\/\\\/an-design.ca\\\/\",\"name\":\"AN Design Communications\",\"description\":\"Une agence de cr\u00e9ation strat\u00e9gique bilingue \u00e0 service complet\",\"potentialAction\":[{\"@type\":\"SearchAction\",\"target\":{\"@type\":\"EntryPoint\",\"urlTemplate\":\"https:\\\/\\\/an-design.ca\\\/?s={search_term_string}\"},\"query-input\":{\"@type\":\"PropertyValueSpecification\",\"valueRequired\":true,\"valueName\":\"search_term_string\"}}],\"inLanguage\":\"fr-FR\"}]}<\/script>\n<!-- \/ Yoast SEO plugin. -->","yoast_head_json":{"title":"Accueil - AN Design Communications","robots":{"index":"index","follow":"follow","max-snippet":"max-snippet:-1","max-image-preview":"max-image-preview:large","max-video-preview":"max-video-preview:-1"},"canonical":"https:\/\/an-design.ca\/fr\/accueil\/","og_locale":"fr_FR","og_type":"article","og_title":"Accueil - AN Design Communications","og_description":"Un bon concept doit communiquer clairement une id\u00e9e. Quand tout va trop vite, confiez-nous vos id\u00e9es et nous ferons le reste. AN Design Communications s\u2019emploie \u00e0 votre r\u00e9ussite. Depuis plusieurs ann\u00e9es, notre agence de cr\u00e9ation strat\u00e9gique \u00e0 service complet, qui travaille autant en anglais qu\u2019en fran\u00e7ais, excelle dans la r\u00e9union des meilleurs esprits cr\u00e9atifs et","og_url":"https:\/\/an-design.ca\/fr\/accueil\/","og_site_name":"AN Design Communications","article_modified_time":"2015-12-23T12:24:15+00:00","twitter_card":"summary_large_image","schema":{"@context":"https:\/\/schema.org","@graph":[{"@type":"WebPage","@id":"https:\/\/an-design.ca\/fr\/accueil\/","url":"https:\/\/an-design.ca\/fr\/accueil\/","name":"Accueil - AN Design Communications","isPartOf":{"@id":"https:\/\/an-design.ca\/#website"},"datePublished":"2015-12-13T23:16:38+00:00","dateModified":"2015-12-23T12:24:15+00:00","breadcrumb":{"@id":"https:\/\/an-design.ca\/fr\/accueil\/#breadcrumb"},"inLanguage":"fr-FR","potentialAction":[{"@type":"ReadAction","target":["https:\/\/an-design.ca\/fr\/accueil\/"]}]},{"@type":"BreadcrumbList","@id":"https:\/\/an-design.ca\/fr\/accueil\/#breadcrumb","itemListElement":[{"@type":"ListItem","position":1,"name":"Home","item":"https:\/\/an-design.ca\/fr\/accueil\/"},{"@type":"ListItem","position":2,"name":"Accueil"}]},{"@type":"WebSite","@id":"https:\/\/an-design.ca\/#website","url":"https:\/\/an-design.ca\/","name":"AN Design Communications","description":"Une agence de cr\u00e9ation strat\u00e9gique bilingue \u00e0 service complet","potentialAction":[{"@type":"SearchAction","target":{"@type":"EntryPoint","urlTemplate":"https:\/\/an-design.ca\/?s={search_term_string}"},"query-input":{"@type":"PropertyValueSpecification","valueRequired":true,"valueName":"search_term_string"}}],"inLanguage":"fr-FR"}]}},"_links":{"self":[{"href":"https:\/\/an-design.ca\/fr\/wp-json\/wp\/v2\/pages\/318","targetHints":{"allow":["GET"]}}],"collection":[{"href":"https:\/\/an-design.ca\/fr\/wp-json\/wp\/v2\/pages"}],"about":[{"href":"https:\/\/an-design.ca\/fr\/wp-json\/wp\/v2\/types\/page"}],"author":[{"embeddable":true,"href":"https:\/\/an-design.ca\/fr\/wp-json\/wp\/v2\/users\/1"}],"replies":[{"embeddable":true,"href":"https:\/\/an-design.ca\/fr\/wp-json\/wp\/v2\/comments?post=318"}],"version-history":[{"count":5,"href":"https:\/\/an-design.ca\/fr\/wp-json\/wp\/v2\/pages\/318\/revisions"}],"predecessor-version":[{"id":430,"href":"https:\/\/an-design.ca\/fr\/wp-json\/wp\/v2\/pages\/318\/revisions\/430"}],"wp:attachment":[{"href":"https:\/\/an-design.ca\/fr\/wp-json\/wp\/v2\/media?parent=318"}],"curies":[{"name":"wp","href":"https:\/\/api.w.org\/{rel}","templated":true}]}}